{"id":86,"date":"2021-10-14T14:18:40","date_gmt":"2021-10-14T14:18:40","guid":{"rendered":"https:\/\/a-kon.dk\/?page_id=86"},"modified":"2024-12-02T12:12:57","modified_gmt":"2024-12-02T12:12:57","slug":"forside","status":"publish","type":"page","link":"https:\/\/a-kon.dk\/","title":{"rendered":"Forside"},"content":{"rendered":"\n<p>Projektering af konstruktioner for ombygninger, tilbygninger og mindre nybygninger.<\/p>\n\n\n\n<p>Statiske beregninger og tegninger, samt analyse af bygningsskader.<\/p>\n\n\n\n<p>B\u00e6rende konstruktioner i beton, st\u00e5l, tr\u00e6 og murv\u00e6rk<\/p>\n\n\n\n<figure class=\"wp-block-image size-large\"><img fetchpriority=\"high\" decoding=\"async\" width=\"1024\" height=\"640\" src=\"https:\/\/a-kon.dk\/wp-content\/uploads\/2021\/10\/1440x900-05-1024x640.jpg\" alt=\"\" class=\"wp-image-38\" srcset=\"https:\/\/a-kon.dk\/wp-content\/uploads\/2021\/10\/1440x900-05-1024x640.jpg 1024w, https:\/\/a-kon.dk\/wp-content\/uploads\/2021\/10\/1440x900-05-300x188.jpg 300w, https:\/\/a-kon.dk\/wp-content\/uploads\/2021\/10\/1440x900-05-768x480.jpg 768w, https:\/\/a-kon.dk\/wp-content\/uploads\/2021\/10\/1440x900-05.jpg 1440w\" sizes=\"(max-width: 1024px) 100vw, 1024px\" \/><\/figure>\n","protected":false},"excerpt":{"rendered":"<p>Projektering af konstruktioner for ombygninger, tilbygninger og mindre nybygninger. Statiske beregninger og tegninger, samt analyse af bygningsskader. B\u00e6rende konstruktioner i beton, st\u00e5l, tr\u00e6 og murv\u00e6rk<\/p>\n","protected":false},"author":1,"featured_media":0,"parent":0,"menu_order":0,"comment_status":"closed","ping_status":"closed","template":"","meta":{"footnotes":""},"class_list":["post-86","page","type-page","status-publish","hentry"],"_links":{"self":[{"href":"https:\/\/a-kon.dk\/index.php\/wp-json\/wp\/v2\/pages\/86","targetHints":{"allow":["GET"]}}],"collection":[{"href":"https:\/\/a-kon.dk\/index.php\/wp-json\/wp\/v2\/pages"}],"about":[{"href":"https:\/\/a-kon.dk\/index.php\/wp-json\/wp\/v2\/types\/page"}],"author":[{"embeddable":true,"href":"https:\/\/a-kon.dk\/index.php\/wp-json\/wp\/v2\/users\/1"}],"replies":[{"embeddable":true,"href":"https:\/\/a-kon.dk\/index.php\/wp-json\/wp\/v2\/comments?post=86"}],"version-history":[{"count":6,"href":"https:\/\/a-kon.dk\/index.php\/wp-json\/wp\/v2\/pages\/86\/revisions"}],"predecessor-version":[{"id":200,"href":"https:\/\/a-kon.dk\/index.php\/wp-json\/wp\/v2\/pages\/86\/revisions\/200"}],"wp:attachment":[{"href":"https:\/\/a-kon.dk\/index.php\/wp-json\/wp\/v2\/media?parent=86"}],"curies":[{"name":"wp","href":"https:\/\/api.w.org\/{rel}","templated":true}]}}