{"id":137,"date":"2021-12-15T13:29:02","date_gmt":"2021-12-15T13:29:02","guid":{"rendered":"https:\/\/a-kon.dk\/?page_id=137"},"modified":"2024-12-02T12:10:01","modified_gmt":"2024-12-02T12:10:01","slug":"projekter-referencer","status":"publish","type":"page","link":"https:\/\/a-kon.dk\/index.php\/projekter-referencer\/","title":{"rendered":"Projekter\/referencer"},"content":{"rendered":"\n<h2 class=\"wp-block-heading\">Udf\u00f8rte projekter<\/h2>\n\n\n\n<div class=\"wp-block-columns is-layout-flex wp-container-core-columns-is-layout-9d6595d7 wp-block-columns-is-layout-flex\">\n<div class=\"wp-block-column is-layout-flow wp-block-column-is-layout-flow\">\n<figure class=\"wp-block-image size-full is-resized\"><img fetchpriority=\"high\" decoding=\"async\" width=\"600\" height=\"523\" src=\"https:\/\/a-kon.dk\/wp-content\/uploads\/2021\/12\/Skaermbillede-2021-12-15-141114.jpg\" alt=\"\" class=\"wp-image-172\" style=\"width:294px;height:255px\" srcset=\"https:\/\/a-kon.dk\/wp-content\/uploads\/2021\/12\/Skaermbillede-2021-12-15-141114.jpg 600w, https:\/\/a-kon.dk\/wp-content\/uploads\/2021\/12\/Skaermbillede-2021-12-15-141114-300x262.jpg 300w\" sizes=\"(max-width: 600px) 100vw, 600px\" \/><\/figure>\n<\/div>\n\n\n\n<div class=\"wp-block-column is-layout-flow wp-block-column-is-layout-flow\">\n<figure class=\"wp-block-image size-full is-resized\"><img decoding=\"async\" width=\"247\" height=\"298\" src=\"https:\/\/a-kon.dk\/wp-content\/uploads\/2021\/10\/Udklip.png\" alt=\"\" class=\"wp-image-120\" style=\"width:233px;height:281px\"\/><\/figure>\n<\/div>\n\n\n\n<div class=\"wp-block-column is-layout-flow wp-block-column-is-layout-flow\">\n<h2 class=\"wp-block-heading\">Tilbygning<\/h2>\n\n\n\n<p>Tilbygning p\u00e5 95 m<sup>2<\/sup> i 1\u00bd etage med yderv\u00e6gge i porebeton og skalmur. Etageadskillelse generelt med tr\u00e6bj\u00e6lkelag, dog med betond\u00e6k p\u00e5 svalehaleplader i badev\u00e6relse.<\/p>\n\n\n\n<p>Haneb\u00e5ndssp\u00e6r med trempeldel.<\/p>\n<\/div>\n<\/div>\n\n\n\n<div class=\"wp-block-columns is-layout-flex wp-container-core-columns-is-layout-9d6595d7 wp-block-columns-is-layout-flex\">\n<div class=\"wp-block-column is-layout-flow wp-block-column-is-layout-flow\"><\/div>\n\n\n\n<div class=\"wp-block-column is-layout-flow wp-block-column-is-layout-flow\">\n<figure class=\"wp-block-image size-full\"><img decoding=\"async\" width=\"482\" height=\"602\" src=\"https:\/\/a-kon.dk\/wp-content\/uploads\/2024\/12\/HRG-billede.jpg\" alt=\"\" class=\"wp-image-197\" srcset=\"https:\/\/a-kon.dk\/wp-content\/uploads\/2024\/12\/HRG-billede.jpg 482w, https:\/\/a-kon.dk\/wp-content\/uploads\/2024\/12\/HRG-billede-240x300.jpg 240w\" sizes=\"(max-width: 482px) 100vw, 482px\" \/><\/figure>\n<\/div>\n\n\n\n<div class=\"wp-block-column is-layout-flow wp-block-column-is-layout-flow\">\n<h2 class=\"wp-block-heading\">Ny v\u00e6g\u00e5bning i muret etageejendom <\/h2>\n\n\n\n<p>Ny \u00e5bning i b\u00e6rende midterskillev\u00e6g i traditionel muret etageejendom opf\u00f8rt i 1902. <\/p>\n\n\n\n<p>K\u00f8benhavns Kommune, N\u00f8rrebro <\/p>\n<\/div>\n<\/div>\n\n\n\n<div class=\"wp-block-columns is-layout-flex wp-container-core-columns-is-layout-9d6595d7 wp-block-columns-is-layout-flex\">\n<div class=\"wp-block-column is-layout-flow wp-block-column-is-layout-flow\"><\/div>\n\n\n\n<div class=\"wp-block-column is-layout-flow wp-block-column-is-layout-flow\"><\/div>\n\n\n\n<div class=\"wp-block-column is-layout-flow wp-block-column-is-layout-flow\"><\/div>\n<\/div>\n\n\n\n<div class=\"wp-block-columns is-layout-flex wp-container-core-columns-is-layout-9d6595d7 wp-block-columns-is-layout-flex\">\n<div class=\"wp-block-column is-layout-flow wp-block-column-is-layout-flow\">\n<figure class=\"wp-block-image size-full\"><img loading=\"lazy\" decoding=\"async\" width=\"388\" height=\"393\" src=\"https:\/\/a-kon.dk\/wp-content\/uploads\/2021\/12\/Skaermbillede-2021-12-15-135513.jpg\" alt=\"\" class=\"wp-image-166\" srcset=\"https:\/\/a-kon.dk\/wp-content\/uploads\/2021\/12\/Skaermbillede-2021-12-15-135513.jpg 388w, https:\/\/a-kon.dk\/wp-content\/uploads\/2021\/12\/Skaermbillede-2021-12-15-135513-296x300.jpg 296w\" sizes=\"(max-width: 388px) 100vw, 388px\" \/><\/figure>\n<\/div>\n\n\n\n<div class=\"wp-block-column is-layout-flow wp-block-column-is-layout-flow\">\n<figure class=\"wp-block-image size-full\"><img loading=\"lazy\" decoding=\"async\" width=\"952\" height=\"621\" src=\"https:\/\/a-kon.dk\/wp-content\/uploads\/2021\/12\/Skaermbillede-2021-12-15-140308.jpg\" alt=\"\" class=\"wp-image-170\" srcset=\"https:\/\/a-kon.dk\/wp-content\/uploads\/2021\/12\/Skaermbillede-2021-12-15-140308.jpg 952w, https:\/\/a-kon.dk\/wp-content\/uploads\/2021\/12\/Skaermbillede-2021-12-15-140308-300x196.jpg 300w, https:\/\/a-kon.dk\/wp-content\/uploads\/2021\/12\/Skaermbillede-2021-12-15-140308-768x501.jpg 768w\" sizes=\"(max-width: 952px) 100vw, 952px\" \/><\/figure>\n<\/div>\n\n\n\n<div class=\"wp-block-column is-layout-flow wp-block-column-is-layout-flow\">\n<h2 class=\"wp-block-heading\">Udskiftning af bj\u00e6lkeende<\/h2>\n\n\n\n<p>Udskiftning af bj\u00e6lkeende nedbrudt af r\u00e5d.<\/p>\n\n\n\n<p>I traditionel muret etageejendom med tr\u00e6bj\u00e6lkelag dimension 200 x 200 mm.<\/p>\n<\/div>\n<\/div>\n\n\n\n<div class=\"wp-block-columns is-layout-flex wp-container-core-columns-is-layout-9d6595d7 wp-block-columns-is-layout-flex\">\n<div class=\"wp-block-column is-layout-flow wp-block-column-is-layout-flow\">\n<figure class=\"wp-block-image size-large\"><img loading=\"lazy\" decoding=\"async\" width=\"768\" height=\"1024\" src=\"https:\/\/a-kon.dk\/wp-content\/uploads\/2021\/10\/Doerhul-2-768x1024.jpg\" alt=\"\" class=\"wp-image-130\" srcset=\"https:\/\/a-kon.dk\/wp-content\/uploads\/2021\/10\/Doerhul-2-768x1025.jpg 768w, https:\/\/a-kon.dk\/wp-content\/uploads\/2021\/10\/Doerhul-2-225x300.jpg 225w, https:\/\/a-kon.dk\/wp-content\/uploads\/2021\/10\/Doerhul-2-1151x1536.jpg 1151w, https:\/\/a-kon.dk\/wp-content\/uploads\/2021\/10\/Doerhul-2-1535x2048.jpg 1535w, https:\/\/a-kon.dk\/wp-content\/uploads\/2021\/10\/Doerhul-2.jpg 1574w\" sizes=\"(max-width: 768px) 100vw, 768px\" \/><\/figure>\n<\/div>\n\n\n\n<div class=\"wp-block-column is-layout-flow wp-block-column-is-layout-flow\">\n<figure class=\"wp-block-image size-full\"><img loading=\"lazy\" decoding=\"async\" width=\"697\" height=\"586\" src=\"https:\/\/a-kon.dk\/wp-content\/uploads\/2021\/12\/Skaermbillede-2021-12-15-125052.jpg\" alt=\"\" class=\"wp-image-153\" srcset=\"https:\/\/a-kon.dk\/wp-content\/uploads\/2021\/12\/Skaermbillede-2021-12-15-125052.jpg 697w, https:\/\/a-kon.dk\/wp-content\/uploads\/2021\/12\/Skaermbillede-2021-12-15-125052-300x252.jpg 300w\" sizes=\"(max-width: 697px) 100vw, 697px\" \/><\/figure>\n<\/div>\n\n\n\n<div class=\"wp-block-column is-layout-flow wp-block-column-is-layout-flow\">\n<h2 class=\"wp-block-heading\">Nye d\u00f8rhuller i eksisterende bygning<\/h2>\n\n\n\n<p>Nye d\u00f8rhuller i murede v\u00e6gge.<\/p>\n\n\n\n<p>I bygning med  etaged\u00e6k udf\u00f8rt af udst\u00f8bte Bauma teglelementer.<\/p>\n<\/div>\n<\/div>\n\n\n\n<div class=\"wp-block-columns is-layout-flex wp-container-core-columns-is-layout-9d6595d7 wp-block-columns-is-layout-flex\">\n<div class=\"wp-block-column is-layout-flow wp-block-column-is-layout-flow\"><\/div>\n\n\n\n<div class=\"wp-block-column is-layout-flow wp-block-column-is-layout-flow\"><\/div>\n\n\n\n<div class=\"wp-block-column is-layout-flow wp-block-column-is-layout-flow\"><\/div>\n<\/div>\n","protected":false},"excerpt":{"rendered":"<p>Udf\u00f8rte projekter Tilbygning Tilbygning p\u00e5 95 m2 i 1\u00bd etage med yderv\u00e6gge i porebeton og skalmur. Etageadskillelse generelt med tr\u00e6bj\u00e6lkelag, dog med betond\u00e6k p\u00e5 svalehaleplader i badev\u00e6relse. Haneb\u00e5ndssp\u00e6r med trempeldel. Ny v\u00e6g\u00e5bning i muret etageejendom Ny \u00e5bning i b\u00e6rende midterskillev\u00e6g i traditionel muret etageejendom opf\u00f8rt i 1902. K\u00f8benhavns Kommune, N\u00f8rrebro Udskiftning af bj\u00e6lkeende Udskiftning af [&hellip;]<\/p>\n","protected":false},"author":1,"featured_media":0,"parent":0,"menu_order":0,"comment_status":"closed","ping_status":"closed","template":"","meta":{"footnotes":""},"class_list":["post-137","page","type-page","status-publish","hentry"],"_links":{"self":[{"href":"https:\/\/a-kon.dk\/index.php\/wp-json\/wp\/v2\/pages\/137","targetHints":{"allow":["GET"]}}],"collection":[{"href":"https:\/\/a-kon.dk\/index.php\/wp-json\/wp\/v2\/pages"}],"about":[{"href":"https:\/\/a-kon.dk\/index.php\/wp-json\/wp\/v2\/types\/page"}],"author":[{"embeddable":true,"href":"https:\/\/a-kon.dk\/index.php\/wp-json\/wp\/v2\/users\/1"}],"replies":[{"embeddable":true,"href":"https:\/\/a-kon.dk\/index.php\/wp-json\/wp\/v2\/comments?post=137"}],"version-history":[{"count":17,"href":"https:\/\/a-kon.dk\/index.php\/wp-json\/wp\/v2\/pages\/137\/revisions"}],"predecessor-version":[{"id":198,"href":"https:\/\/a-kon.dk\/index.php\/wp-json\/wp\/v2\/pages\/137\/revisions\/198"}],"wp:attachment":[{"href":"https:\/\/a-kon.dk\/index.php\/wp-json\/wp\/v2\/media?parent=137"}],"curies":[{"name":"wp","href":"https:\/\/api.w.org\/{rel}","templated":true}]}}